{"id":15,"date":"2023-06-05T14:30:10","date_gmt":"2023-06-05T12:30:10","guid":{"rendered":"https:\/\/recyclerie-nouvelle-r.fr\/?page_id=15"},"modified":"2026-04-15T10:51:36","modified_gmt":"2026-04-15T08:51:36","slug":"lassociation","status":"publish","type":"page","link":"https:\/\/recyclerie-nouvelle-r.fr\/","title":{"rendered":"L&rsquo;association et ses partenaires"},"content":{"rendered":"<p><span style=\"font-family: 'times new roman', times, serif; font-size: 20px;\"><img loading=\"lazy\" decoding=\"async\" class=\"alignleft wp-image-48 size-thumbnail\" src=\"https:\/\/recyclerie-nouvelle-r.fr\/wp-content\/uploads\/2023\/06\/scvr-150x150.png\" alt=\"\" width=\"150\" height=\"150\" srcset=\"https:\/\/recyclerie-nouvelle-r.fr\/wp-content\/uploads\/2023\/06\/scvr-150x150.png 150w, https:\/\/recyclerie-nouvelle-r.fr\/wp-content\/uploads\/2023\/06\/scvr.png 200w\" sizes=\"auto, (max-width: 150px) 100vw, 150px\" \/><\/span><\/p>\r\n<p><span style=\"font-family: 'times new roman', times, serif; font-size: 20px;\">Emma\u00fcs, Dynam&rsquo;&amp;Co et la Ressourcerie Verte se rassemblent en 2013 pour cr\u00e9er une recyclerie sur le bassin de vie de Romans sur Is\u00e8re en partenariat avec les agglom\u00e9rations Valence Romans Agglo et Arche Agglo.<br \/><\/span><\/p>\r\n<p><span style=\"font-family: times new roman, times, serif; font-size: 20px;\">En janvier 2026 la Ressourcerie Verte se retire de l&rsquo;association. Dynam&rsquo;&amp;Co et Emma\u00fcs restent.<\/span><\/p>\r\n<p><span style=\"font-family: 'times new roman', times, serif; font-size: 20px;\"><!-- \/wp:post-content -->\r\n\r\n<!-- wp:heading {\"level\":1} \/-->\r\n\r\n<!-- wp:tadv\/classic-paragraph \/-->\r\n\r\n<!-- wp:heading --><\/span><\/p>\r\n<h2 class=\"wp-block-heading\"><span style=\"font-family: 'times new roman', times, serif; font-size: 20px;\">Agir pour le respect de l&rsquo;environnement<\/span><\/h2>\r\n<p><span style=\"font-family: 'times new roman', times, serif; font-size: 20px;\"><!-- \/wp:heading -->\r\n\r\n<!-- wp:paragraph --><\/span><\/p>\r\n<ul>\r\n<li><span style=\"font-family: 'times new roman', times, serif; font-size: 20px;\">promouvoir des comportements permettant de prot\u00e9ger l&rsquo;environnement, de<strong>\u00a0diminuer la production de d\u00e9chets<\/strong>, valoriser les d\u00e9chets existants et r\u00e9duire la consommation d&rsquo;\u00e9nergie<\/span><\/li>\r\n<\/ul>\r\n<p><span style=\"font-family: 'times new roman', times, serif; font-size: 20px;\"><!-- \/wp:paragraph -->\r\n\r\n<!-- wp:paragraph --><\/span><\/p>\r\n<ul>\r\n<li><span style=\"font-family: 'times new roman', times, serif; font-size: 20px;\">dans <strong>un esprit de concertation et de coop\u00e9ration<\/strong>, d\u00e9velopper les 4 activit\u00e9s d&rsquo;une ressourcerie : la collecte d&rsquo;encombrants, la valorisation, la revente et la sensibilisation \u00e0 la r\u00e9duction des d\u00e9chets<\/span><\/li>\r\n<\/ul>\r\n<p><span style=\"font-family: 'times new roman', times, serif; font-size: 20px;\"><!-- \/wp:paragraph -->\r\n\r\n<!-- wp:heading --><\/span><\/p>\r\n<h2 class=\"wp-block-heading\"><span style=\"font-family: 'times new roman', times, serif; font-size: 20px;\">D\u00e9velopper une activit\u00e9 d&rsquo;utilit\u00e9 sociale sur le territoire<\/span><\/h2>\r\n<p><span style=\"font-family: 'times new roman', times, serif; font-size: 20px;\"><!-- \/wp:heading -->\r\n\r\n<!-- wp:paragraph --><\/span><\/p>\r\n<ul>\r\n<li><span style=\"font-family: 'times new roman', times, serif; font-size: 20px;\">d\u00e9velopper <strong>une action au service de l&rsquo;homme<\/strong>\u00a0&#8211; contribuer sur le territoire \u00e0 une dynamique de\u00a0<strong>d\u00e9veloppement local bas\u00e9e sur les principes de l&rsquo;\u00e9conomie sociale et solidaire<\/strong>\u00a0:<\/span><\/li>\r\n<\/ul>\r\n<p><span style=\"font-family: 'times new roman', times, serif; font-size: 20px;\"><!-- \/wp:paragraph -->\r\n\r\n<!-- wp:list {\"ordered\":true} --><\/span><\/p>\r\n<ol><!-- wp:list-item -->\r\n<li><span style=\"font-family: 'times new roman', times, serif; font-size: 20px;\">un homme\/ une voix,<\/span><\/li>\r\n<!-- \/wp:list-item -->\r\n\r\n<!-- wp:list-item -->\r\n<li><span style=\"font-family: 'times new roman', times, serif; font-size: 20px;\">au service d&rsquo;un projet collectif,<\/span><\/li>\r\n<!-- \/wp:list-item -->\r\n\r\n<!-- wp:list-item -->\r\n<li><span style=\"font-family: 'times new roman', times, serif; font-size: 20px;\">des ressources priv\u00e9es (mutuelles et coop\u00e9ratives) ou mixtes (associations),<\/span><\/li>\r\n<!-- \/wp:list-item -->\r\n\r\n<!-- wp:list-item -->\r\n<li><span style=\"font-family: 'times new roman', times, serif; font-size: 20px;\">la non lucrativit\u00e9 individuelle<\/span><\/li>\r\n<!-- \/wp:list-item --><\/ol>\r\n<p><span style=\"font-family: 'times new roman', times, serif; font-size: 20px;\"><!-- \/wp:list -->\r\n\r\n<!-- wp:paragraph --><\/span><\/p>\r\n<ul>\r\n<li><span style=\"font-family: 'times new roman', times, serif; font-size: 20px;\">accompagner des personnes en difficult\u00e9 via <strong>des dispositifs d&rsquo;insertion<\/strong>\u00a0et d&rsquo;<strong>accueil inconditionnel<\/strong>\u00a0en les formant, leur proposant un parcours au sein du projet &#8211; favoriser\u00a0<strong>la cr\u00e9ation d&#8217;emploi p\u00e9rennes<\/strong><\/span><\/li>\r\n<\/ul>\r\n<p><span style=\"font-family: 'times new roman', times, serif; font-size: 20px;\"><!-- \/wp:paragraph -->\r\n\r\n<!-- wp:heading --><\/span><\/p>\r\n<h2 class=\"wp-block-heading\"><span style=\"font-family: 'times new roman', times, serif; font-size: 20px;\">Une coop\u00e9ration entre acteurs<\/span><\/h2>\r\n<p><span style=\"font-family: 'times new roman', times, serif; font-size: 20px;\"><!-- \/wp:heading -->\r\n\r\n<!-- wp:paragraph --><\/span><\/p>\r\n<ul>\r\n<li><span style=\"font-family: 'times new roman', times, serif; font-size: 20px;\">une gouvernance partag\u00e9e : cr\u00e9ation de l&rsquo;association Recyclerie Nouvelle&rsquo;R en avril 2019 afin d&rsquo;assurer la coordination du projet recyclerie avec une pr\u00e9sence de chacune des structures partenaires dans les instances de d\u00e9cision<!-- \/wp:paragraph -->\r\n\r\n<!-- wp:paragraph --><\/span><\/li>\r\n<li><span style=\"font-family: 'times new roman', times, serif; font-size: 20px;\">des d\u00e9cisions d&rsquo;orientation et d&rsquo;ordre politique prises au<strong>\u00a0consentement<\/strong><!-- \/wp:paragraph -->\r\n\r\n<!-- wp:paragraph --><\/span><\/li>\r\n<li><span style=\"font-family: 'times new roman', times, serif; font-size: 20px;\">une communication commune<!-- \/wp:paragraph -->\r\n\r\n<!-- wp:paragraph --><\/span><\/li>\r\n<li><span style=\"font-family: 'times new roman', times, serif; font-size: 20px;\">une entit\u00e9 propre<\/span><\/li>\r\n<\/ul>\r\n<p><span style=\"font-family: 'times new roman', times, serif;\"><!-- \/wp:paragraph --><\/span><\/p>","protected":false},"excerpt":{"rendered":"<p>Emma\u00fcs, Dynam&rsquo;&amp;Co et la Ressourcerie Verte se rassemblent en 2013 pour cr\u00e9er une recyclerie sur le bassin de vie de Romans sur Is\u00e8re en partenariat avec les agglom\u00e9rations Valence Romans <a class=\"more-link\" href=\"https:\/\/recyclerie-nouvelle-r.fr\/\">Lire la suite &rarr;<\/a><\/p>\n","protected":false},"author":1,"featured_media":0,"parent":0,"menu_order":0,"comment_status":"closed","ping_status":"closed","template":"","meta":{"footnotes":""},"class_list":["post-15","page","type-page","status-publish","hentry"],"_links":{"self":[{"href":"https:\/\/recyclerie-nouvelle-r.fr\/index.php\/wp-json\/wp\/v2\/pages\/15","targetHints":{"allow":["GET"]}}],"collection":[{"href":"https:\/\/recyclerie-nouvelle-r.fr\/index.php\/wp-json\/wp\/v2\/pages"}],"about":[{"href":"https:\/\/recyclerie-nouvelle-r.fr\/index.php\/wp-json\/wp\/v2\/types\/page"}],"author":[{"embeddable":true,"href":"https:\/\/recyclerie-nouvelle-r.fr\/index.php\/wp-json\/wp\/v2\/users\/1"}],"replies":[{"embeddable":true,"href":"https:\/\/recyclerie-nouvelle-r.fr\/index.php\/wp-json\/wp\/v2\/comments?post=15"}],"version-history":[{"count":19,"href":"https:\/\/recyclerie-nouvelle-r.fr\/index.php\/wp-json\/wp\/v2\/pages\/15\/revisions"}],"predecessor-version":[{"id":412,"href":"https:\/\/recyclerie-nouvelle-r.fr\/index.php\/wp-json\/wp\/v2\/pages\/15\/revisions\/412"}],"wp:attachment":[{"href":"https:\/\/recyclerie-nouvelle-r.fr\/index.php\/wp-json\/wp\/v2\/media?parent=15"}],"curies":[{"name":"wp","href":"https:\/\/api.w.org\/{rel}","templated":true}]}}