{"id":151,"date":"2023-06-12T19:02:12","date_gmt":"2023-06-12T17:02:12","guid":{"rendered":"https:\/\/recyclerie-nouvelle-r.fr\/?page_id=151"},"modified":"2026-04-15T10:49:08","modified_gmt":"2026-04-15T08:49:08","slug":"infos-pratiques","status":"publish","type":"page","link":"https:\/\/recyclerie-nouvelle-r.fr\/index.php\/infos-pratiques\/","title":{"rendered":"Infos pratiques"},"content":{"rendered":"<h2 style=\"text-align: center;\"><span style=\"font-family: georgia, palatino, serif;\">Faisons de nos d\u00e9chets une ressource pour le territoire !<\/span><\/h2>\n<header>\n<p class=\"title\"><span style=\"font-family: georgia, palatino, serif; font-size: 26px;\">Les lieux de d\u00e9p\u00f4ts destin\u00e9s au public<\/span><\/p>\n<\/header>\n<div class=\"content clearfix\">\n<div id=\"cck17\" class=\"cck-f100 cck-pad-8\">\n<div class=\"cck-line-body\">\n<div class=\"cck-plr cck-ptb\">\n<div id=\"cck17_mainbody\" class=\"cck-pos-mainbody seb_css3 vertical cck17-deepest\">\n<div id=\"cck17_art_fulltext\" class=\"cck_contents cck_content cck_wysiwyg_editor cck_art_fulltext\">\n<div id=\"cck17_value_art_fulltext\">\n<table border=\"0\" cellspacing=\"10\">\n<tbody>\n<tr>\n<td align=\"left\" valign=\"top\"><img loading=\"lazy\" decoding=\"async\" src=\"https:\/\/recyclerie-nouvelle-r.fr\/wp-content\/uploads\/2024\/06\/yes.png\" alt=\"\" width=\"16\" height=\"16\" \/>\u00a0D\u00e9chetterie de Romans<br \/>\n12bis, avenue de la D\u00e9portation<br \/>\n26100 Romans-sur-Is\u00e8re<br \/>\nTel : 04.75.70.68.95<br \/>\nLundi au Samedi<br \/>\n9h\/12h &#8211; 14h\/17h30<\/td>\n<td align=\"left\" valign=\"top\"><img loading=\"lazy\" decoding=\"async\" src=\"https:\/\/recyclerie-nouvelle-r.fr\/wp-content\/uploads\/2024\/06\/yes.png\" alt=\"\" width=\"16\" height=\"16\" \/>\u00a0D\u00e9chetterie de Bourg de P\u00e9age<br \/>\nRue Jacques Pr\u00e9vert<br \/>\n26300 Bourg-de-P\u00e9age<br \/>\nTel : 04.75.81.30.30<br \/>\nlundi :13h30-18h<br \/>\nmardi,mercredi, vendredi et samedi<br \/>\n9h-12h et 13h30-18h<\/td>\n<td align=\"left\" valign=\"top\"><img loading=\"lazy\" decoding=\"async\" src=\"https:\/\/recyclerie-nouvelle-r.fr\/wp-content\/uploads\/2024\/06\/yes.png\" alt=\"\" width=\"16\" height=\"16\" \/>\u00a0D\u00e9chetterie de St Donat<br \/>\nZa Les Sables<br \/>\n26260 St-Donat-sur-l\u2019Herbasse<br \/>\nTel : 04.75.45.23.77<br \/>\nLundi au Samedi<br \/>\n9h\/12h30 &#8211; 14h00\/17h30<\/td>\n<\/tr>\n<\/tbody>\n<\/table>\n<table border=\"0\" cellspacing=\"10\">\n<tbody>\n<tr>\n<td align=\"left\" valign=\"top\"><img loading=\"lazy\" decoding=\"async\" src=\"https:\/\/recyclerie-nouvelle-r.fr\/wp-content\/uploads\/2024\/06\/yes.png\" alt=\"\" width=\"16\" height=\"16\" \/>\u00a0Emma\u00fcs<br \/>\nRD 92N \u2013 route de St Marcellin<br \/>\n26750 St Paul l\u00e8s Romans<br \/>\nTel : 04.75.72.63.16<br \/>\nHoraires de vente<br \/>\nMercredi et samedi 10h\/12h &#8211; 14h\/17h30<br \/>\nJeudi et vendredi 14h\/17h30<\/td>\n<td align=\"left\" valign=\"top\"><img loading=\"lazy\" decoding=\"async\" src=\"https:\/\/recyclerie-nouvelle-r.fr\/wp-content\/uploads\/2024\/06\/yes.png\" alt=\"\" width=\"16\" height=\"16\" \/>\u00a0Atelier Informatique &#8211; Dynam&rsquo;&amp;Co<br \/>\n9, rue Camille Desmoulins<br \/>\n26100 Romans-sur-Is\u00e8re<br \/>\nTel : 04.75.02.41.01<br \/>\nLundi au jeudi<br \/>\n08h\/12h &#8211; 13h30\/17h<\/td>\n<\/tr>\n<\/tbody>\n<\/table>\n<h4><strong><span style=\"color: #008000;\">Les lieux de vente<\/span><\/strong><\/h4>\n<p><span style=\"font-family: georgia, palatino, serif; font-size: 16px;\"><strong>Chic la Boutique<\/strong><br \/>\nPlace Jules Nadi<br \/>\n26100 Romans-sur-Is\u00e8re<br \/>\nTel : 04.75.48.99.46<br \/>\nMardi au samedi<br \/>\n10h-19h (vendredi matin ouverture \u00e0 9h30)<\/span><\/p>\n<p><span style=\"font-family: georgia, palatino, serif; font-size: 16px;\"><strong>Chic! la Boutique Valence<\/strong><br \/>\n59, rue Madier de Montjau<br \/>\n26000 Valence<\/span><br \/>\n04.81.66.95.43<br \/>\nMardi au samedi<br \/>\n10h-19h<\/p>\n<p><strong>Emma\u00fcs<\/strong><br \/>\nRD 92N \u2013 route de St Marcellin<br \/>\n26750 St Paul l\u00e8s Romans<br \/>\nTel : 04.75.72.63.16<br \/>\nHoraires de vente<br \/>\nMercredi et samedi 10h\/12h &#8211; 14h\/17h30<br \/>\nJeudi et vendredi 14h\/17h30<\/p>\n<\/div>\n<div class=\"cck_value cck_value_wysiwyg_editor\">\n<p><strong>Atelier Informatique<\/strong><br \/>\nDynam&rsquo;&amp;Co<br \/>\n9, rue Camille Desmoulins<br \/>\n26100 Romans-sur-Is\u00e8re<br \/>\nTel : 04.75.02.41.01<br \/>\nLundi au jeudi<br \/>\n08h\/12h &#8211; 13h30\/17h<\/p>\n<p><span style=\"font-family: georgia, palatino, serif; font-size: 28px; font-weight: bold;\">Containers textile<\/span><\/p>\n<p><span style=\"font-family: georgia, palatino, serif; font-size: 16px;\">Les textiles, chaussures, linge de maison sont collect\u00e9s dans divers containers plac\u00e9s sur toute l&rsquo;agglom\u00e9ration. \u00a0:<\/span><\/p>\n<p><span style=\"font-family: georgia, palatino, serif; font-size: 16px;\">Le site\u00a0<strong><a href=\"https:\/\/refashion.fr\/\" target=\"_blank\" rel=\"noopener\">Refashion.fr<\/a><\/strong> vous aide \u00e0 trouver\u00a0 le <a href=\"https:\/\/refashion.fr\/citoyen\/fr\/point-dapport\" target=\"_blank\" rel=\"noopener\"><strong>Points d&rsquo;Apport Volontaire Textile<\/strong><\/a>\u00a0 le plus proche de chez vous.<\/span><\/p>\n<h6><span style=\"font-size: 16px; font-family: georgia, palatino, serif;\"><em><strong><span style=\"color: #008000;\">NB:Les points d&rsquo;apport nomm\u00e9s Gebetex sont ceux de Dynam&rsquo;&amp;Co.<\/span><\/strong><\/em><\/span><\/h6>\n<p>&nbsp;<\/p>\n<p><span style=\"font-family: georgia, palatino, serif;\">Refashion, c&rsquo;est quoi?<\/span><\/p>\n<div class=\"wrap-haut hidden-mobile hidden-mobilelandscape hidden-tablet\"><span style=\"font-family: georgia, palatino, serif;\"><a class=\"logo-footer\" href=\"https:\/\/refashion.fr\/citoyen\/fr\"><img decoding=\"async\" class=\"\" title=\"Refashion.fr\/citoyen\" src=\"https:\/\/refashion.fr\/citoyen\/sites\/all\/themes\/refashion_cit\/images\/logo_footer.png\" alt=\"Refashion.fr\/citoyen\" \/><\/a><\/span><\/div>\n<div class=\"wrap-bas hidden-mobile hidden-mobilelandscape hidden-tablet\">\n<div class=\"region region-footer\">\n<div class=\"region region-footer\">\n<div id=\"block-block-1\" class=\"block block-block\">\n<div class=\"content\">\n<p><span style=\"font-family: georgia, palatino, serif;\"><img loading=\"lazy\" decoding=\"async\" class=\"alignnone \" src=\"https:\/\/refashion.fr\/pro\/sites\/all\/themes\/refashion_b2b\/logo-suite.svg\" alt=\"logo refashion\" width=\"203\" height=\"62\" \/>est l\u2019<span style=\"text-decoration: underline;\">\u00e9co-organisme de la fili\u00e8re Textile<\/span> (textiles d\u2019habillement, linge de maison et chaussures). Il assure, pour le compte des entreprises qui mettent ces produits sur le march\u00e9, la pr\u00e9vention et\u00a0la gestion de la fin de vie de ces articles.<\/span><\/p>\n<p><span style=\"font-family: georgia, palatino, serif;\">Au c\u0153ur de l\u2019\u00e9cosyst\u00e8me de la fili\u00e8re, Refashion accompagne la transformation vers l\u2019\u00e9conomie circulaire et est au service des diff\u00e9rentes parties prenantes\u00a0: metteurs en march\u00e9, op\u00e9rateurs de collecte et de tri, collectivit\u00e9s locales et pouvoirs publics, porteurs de projets, citoyens.<\/span><\/p>\n<\/div>\n<\/div>\n<\/div>\n<\/div>\n<\/div>\n<\/div>\n<\/div>\n<\/div>\n<\/div>\n<\/div>\n<\/div>\n<\/div>\n","protected":false},"excerpt":{"rendered":"<p>Faisons de nos d\u00e9chets une ressource pour le territoire ! Les lieux de d\u00e9p\u00f4ts destin\u00e9s au public \u00a0D\u00e9chetterie de Romans 12bis, avenue de la D\u00e9portation 26100 Romans-sur-Is\u00e8re Tel : 04.75.70.68.95 <a class=\"more-link\" href=\"https:\/\/recyclerie-nouvelle-r.fr\/index.php\/infos-pratiques\/\">Lire la suite &rarr;<\/a><\/p>\n","protected":false},"author":1,"featured_media":0,"parent":0,"menu_order":0,"comment_status":"closed","ping_status":"closed","template":"","meta":{"footnotes":""},"class_list":["post-151","page","type-page","status-publish","hentry"],"_links":{"self":[{"href":"https:\/\/recyclerie-nouvelle-r.fr\/index.php\/wp-json\/wp\/v2\/pages\/151","targetHints":{"allow":["GET"]}}],"collection":[{"href":"https:\/\/recyclerie-nouvelle-r.fr\/index.php\/wp-json\/wp\/v2\/pages"}],"about":[{"href":"https:\/\/recyclerie-nouvelle-r.fr\/index.php\/wp-json\/wp\/v2\/types\/page"}],"author":[{"embeddable":true,"href":"https:\/\/recyclerie-nouvelle-r.fr\/index.php\/wp-json\/wp\/v2\/users\/1"}],"replies":[{"embeddable":true,"href":"https:\/\/recyclerie-nouvelle-r.fr\/index.php\/wp-json\/wp\/v2\/comments?post=151"}],"version-history":[{"count":20,"href":"https:\/\/recyclerie-nouvelle-r.fr\/index.php\/wp-json\/wp\/v2\/pages\/151\/revisions"}],"predecessor-version":[{"id":279,"href":"https:\/\/recyclerie-nouvelle-r.fr\/index.php\/wp-json\/wp\/v2\/pages\/151\/revisions\/279"}],"wp:attachment":[{"href":"https:\/\/recyclerie-nouvelle-r.fr\/index.php\/wp-json\/wp\/v2\/media?parent=151"}],"curies":[{"name":"wp","href":"https:\/\/api.w.org\/{rel}","templated":true}]}}