{"id":157,"date":"2023-06-12T19:05:49","date_gmt":"2023-06-12T17:05:49","guid":{"rendered":"https:\/\/recyclerie-nouvelle-r.fr\/?page_id=157"},"modified":"2023-12-15T15:09:02","modified_gmt":"2023-12-15T14:09:02","slug":"les-encombrants","status":"publish","type":"page","link":"https:\/\/recyclerie-nouvelle-r.fr\/index.php\/infos-pratiques\/les-encombrants\/","title":{"rendered":"Les encombrants"},"content":{"rendered":"<header>\n<h1 class=\"title\"><span style=\"font-family: georgia, palatino, serif;\">Enl\u00e8vement des encombrants<\/span><\/h1>\n<\/header>\n<div class=\"content clearfix\">\n<div id=\"cck31\" class=\"cck-f100 cck-pad-8\">\n<div>\n<div class=\"cck-line-body\">\n<div class=\"cck-plr cck-ptb\">\n<div id=\"cck31_mainbody\" class=\"cck-pos-mainbody seb_css3 vertical cck31-deepest\">\n<div id=\"cck31_art_fulltext\" class=\"cck_contents cck_content cck_wysiwyg_editor cck_art_fulltext\">\n<div id=\"cck31_value_art_fulltext\" class=\"cck_value cck_value_wysiwyg_editor\">\n<div class=\"content clearfix\">\n<div id=\"cck31\" class=\"cck-f100 cck-pad-8\">\n<div>\n<div class=\"cck-line-body\">\n<div class=\"cck-plr cck-ptb\">\n<div id=\"cck31_mainbody\" class=\"cck-pos-mainbody seb_css3 vertical cck31-deepest\">\n<div id=\"cck31_art_fulltext\" class=\"cck_contents cck_content cck_wysiwyg_editor cck_art_fulltext\">\n<div id=\"cck31_value_art_fulltext\" class=\"cck_value cck_value_wysiwyg_editor\">\n<p><span style=\"font-family: georgia, palatino, serif;\">Vous voulez vous d\u00e9barrasser de vos encombrants&#8230; plusieurs solutions :<img loading=\"lazy\" decoding=\"async\" class=\"size-full wp-image-160 aligncenter\" src=\"https:\/\/recyclerie-nouvelle-r.fr\/wp-content\/uploads\/2023\/06\/camion.png\" alt=\"\" width=\"251\" height=\"132\" \/><\/span><\/p>\n<p><span style=\"font-family: georgia, palatino, serif;\"><strong>&#8211; le mat\u00e9riel est en bon \u00e9tat<\/strong>\u00a0: contactez Emma\u00fcs pour une collecte gratuite avec leurs conditions horaires et de d\u00e9lais.<\/span><\/p>\n<p><span style=\"font-family: georgia, palatino, serif;\"><strong>&#8211; une partie du mat\u00e9riel est en bon \u00e9tat<\/strong>, l&rsquo;autre non ou tout est en mauvais \u00e9tat : Dynam&rsquo;&amp;Co vous propose une prestation d\u00e9barras avec les conditions suivantes :<\/span><\/p>\n<h6><span style=\"font-family: georgia, palatino, serif;\">La collecte, l&rsquo;\u00e9vacuation et le traitement :<\/span><\/h6>\n<p><span style=\"font-family: georgia, palatino, serif;\">&lt; 5 m3\u00a0 :\u00a0 30 \u20acttc le m3<\/span><br \/>\n<span style=\"font-family: georgia, palatino, serif;\">&gt; 5 m3 :\u00a0 devis sur rendez-vous<\/span><br \/>\n<span style=\"font-family: georgia, palatino, serif;\">+ 5 \u20ac frais d&rsquo;adh\u00e9sion<\/span><\/p>\n<h6><span style=\"font-family: georgia, palatino, serif;\">Les frais de d\u00e9placement<\/span><\/h6>\n<p><span style=\"font-family: georgia, palatino, serif;\">0\u00a0\u00a0 \u20ac\u00a0 Romans<\/span><br \/>\n<span style=\"font-family: georgia, palatino, serif;\">18\u00a0 \u20ac\u00a0 secteur Romans<\/span><br \/>\n<span style=\"font-family: georgia, palatino, serif;\">36\u00a0 \u20ac\u00a0 hors secteur Romans<\/span><\/p>\n<h6><span style=\"font-family: georgia, palatino, serif;\">Pour toute information : 04 75 71 79 97 ou 06 87 66 05 21<\/span><\/h6>\n<p>&nbsp;<\/p>\n<\/div>\n<\/div>\n<\/div>\n<\/div>\n<div class=\"clr\"><\/div>\n<\/div>\n<\/div>\n<\/div>\n<\/div>\n<div class=\"page-nav clearfix\"><\/div>\n<\/div>\n<\/div>\n<\/div>\n<\/div>\n<\/div>\n<\/div>\n<\/div>\n<\/div>\n","protected":false},"excerpt":{"rendered":"<p>Enl\u00e8vement des encombrants Vous voulez vous d\u00e9barrasser de vos encombrants&#8230; plusieurs solutions : &#8211; le mat\u00e9riel est en bon \u00e9tat\u00a0: contactez Emma\u00fcs pour une collecte gratuite avec leurs conditions horaires <a class=\"more-link\" href=\"https:\/\/recyclerie-nouvelle-r.fr\/index.php\/infos-pratiques\/les-encombrants\/\">Lire la suite &rarr;<\/a><\/p>\n","protected":false},"author":1,"featured_media":0,"parent":151,"menu_order":0,"comment_status":"closed","ping_status":"closed","template":"","meta":{"footnotes":""},"class_list":["post-157","page","type-page","status-publish","hentry"],"_links":{"self":[{"href":"https:\/\/recyclerie-nouvelle-r.fr\/index.php\/wp-json\/wp\/v2\/pages\/157","targetHints":{"allow":["GET"]}}],"collection":[{"href":"https:\/\/recyclerie-nouvelle-r.fr\/index.php\/wp-json\/wp\/v2\/pages"}],"about":[{"href":"https:\/\/recyclerie-nouvelle-r.fr\/index.php\/wp-json\/wp\/v2\/types\/page"}],"author":[{"embeddable":true,"href":"https:\/\/recyclerie-nouvelle-r.fr\/index.php\/wp-json\/wp\/v2\/users\/1"}],"replies":[{"embeddable":true,"href":"https:\/\/recyclerie-nouvelle-r.fr\/index.php\/wp-json\/wp\/v2\/comments?post=157"}],"version-history":[{"count":6,"href":"https:\/\/recyclerie-nouvelle-r.fr\/index.php\/wp-json\/wp\/v2\/pages\/157\/revisions"}],"predecessor-version":[{"id":310,"href":"https:\/\/recyclerie-nouvelle-r.fr\/index.php\/wp-json\/wp\/v2\/pages\/157\/revisions\/310"}],"up":[{"embeddable":true,"href":"https:\/\/recyclerie-nouvelle-r.fr\/index.php\/wp-json\/wp\/v2\/pages\/151"}],"wp:attachment":[{"href":"https:\/\/recyclerie-nouvelle-r.fr\/index.php\/wp-json\/wp\/v2\/media?parent=157"}],"curies":[{"name":"wp","href":"https:\/\/api.w.org\/{rel}","templated":true}]}}