{"id":163,"date":"2023-06-12T19:17:38","date_gmt":"2023-06-12T17:17:38","guid":{"rendered":"https:\/\/recyclerie-nouvelle-r.fr\/?page_id=163"},"modified":"2026-04-15T10:34:21","modified_gmt":"2026-04-15T08:34:21","slug":"sensibilisation-a-la-reduction-des-dechets","status":"publish","type":"page","link":"https:\/\/recyclerie-nouvelle-r.fr\/index.php\/sensibilisation-a-la-reduction-des-dechets\/","title":{"rendered":"Sensibilisation \u00e0 la r\u00e9duction des d\u00e9chets"},"content":{"rendered":"<p><span style=\"font-size: 20px;\"><strong><span style=\"font-family: georgia, palatino, serif;\">La sensibilisation \u00e0 la r\u00e9duction des d\u00e9chets<\/span><\/strong><\/span><br \/>\n<strong><span style=\"font-family: georgia, palatino, serif;\">POURQUOI ?<\/span><\/strong><br \/>\n<span style=\"font-family: georgia, palatino, serif;\">L\u2019utilisation inconsid\u00e9r\u00e9e des ressources, le rejet des d\u00e9chets dans l\u2019environnement et leur \u00e9limination contribuent \u00e0 la d\u00e9t\u00e9rioration de notre environnement.<\/span><\/p>\n<p><span style=\"font-family: georgia, palatino, serif;\">Pollution de l&rsquo;air (= 3% des \u00e9missions de gaz \u00e0 effet de serre sur le territoire fran\u00e7ais), de l&rsquo;eau, des sols,&#8230; Cette d\u00e9gradation a des impacts sur les milieux naturels, la soci\u00e9t\u00e9, la sant\u00e9 humaine, l\u2019\u00e9conomie, les esp\u00e8ces vivantes, la production alimentaire,&#8230;<\/span><\/p>\n<p><span style=\"font-family: georgia, palatino, serif;\">La lutte pour la pr\u00e9servation de l&rsquo;environnement passe donc en partie par la diminution de d\u00e9chets destin\u00e9s \u00e0 l\u2019enfouissement. Or, s&rsquo;interroger sur nos d\u00e9chets, c&rsquo;est s&rsquo;interroger sur nos modes de vie. Et s&rsquo;int\u00e9resser \u00e0 ce qu&rsquo;on jette, c&rsquo;est s&rsquo;int\u00e9resser \u00e0 ce qu&rsquo;on ach\u00e8te et \u00e0 ce qui est produit.<\/span><\/p>\n<p><strong><span style=\"font-family: georgia, palatino, serif;\">Partant de ces id\u00e9es nous souhaitons :<\/span><\/strong><\/p>\n<ul>\n<li><span style=\"font-family: georgia, palatino, serif;\">amener une r\u00e9flexion sur nos modes de vie marqu\u00e9s par le \u00abtout jetable\u00bb : sur la consommation, les modes de production et, plus g\u00e9n\u00e9ralement, sur les mod\u00e8les sociaux et \u00e9conomiques.<\/span><\/li>\n<li><span style=\"font-family: georgia, palatino, serif;\">mettre en avant la r\u00e9duction des d\u00e9chets, le r\u00e9emploi et le recyclage d\u2019objets vou\u00e9s \u00e0 la destruction et, plus g\u00e9n\u00e9ralement, la r\u00e9duction de notre impact sur l&rsquo;environnement.<\/span><\/li>\n<li><span style=\"font-family: georgia, palatino, serif;\">proposer des solutions participatives, cr\u00e9atives et motivantes, sans aucune moralisation.<\/span><\/li>\n<\/ul>\n<p><strong><span style=\"font-family: georgia, palatino, serif;\">COMMENT ?<\/span><\/strong><br \/>\n<span style=\"font-family: georgia, palatino, serif;\">Nous disposons pour cela d&rsquo;outils vari\u00e9s :<\/span><\/p>\n<ul>\n<li><span style=\"font-family: georgia, palatino, serif;\">de l&rsquo;accompagnement de projet (animation), pour les structures d&rsquo;\u00e9ducation ou d&rsquo;animation, autour de la gestion des d\u00e9chets, du r\u00e9emploi et de \u00e9cocitoyennet\u00e9 ;<\/span><\/li>\n<li><span style=\"font-family: georgia, palatino, serif;\">des formations, \u00e0 destination des professionnels et particuliers, sur la gestion des d\u00e9chets et le r\u00e9emploi, la pr\u00e9sentation d&rsquo;une recyclerie, ainsi que le travail en multi-partenariat et les modes de gouvernance ;<\/span><\/li>\n<li><span style=\"font-family: georgia, palatino, serif;\">des ateliers de savoir-faire ax\u00e9s sur le bricolage et les loisirs cr\u00e9atifs \u00e0 partir de mat\u00e9riaux r\u00e9cup\u00e9r\u00e9s ;<\/span><\/li>\n<li><span style=\"font-family: georgia, palatino, serif;\">de l&rsquo;organisation d&rsquo;\u00e9v\u00e9nements festifs et informatifs (ex :\u00a0 caf\u00e9s r\u00e9paration, vernissages,&#8230;) ;<\/span><\/li>\n<li><span style=\"font-family: georgia, palatino, serif;\">et, bien s\u00fbr, des lieux de r\u00e9cup\u00e9ration, de valorisation et de revente :<\/span><\/li>\n<\/ul>\n<p><span style=\"font-family: georgia, palatino, serif;\">&#8211; Arches Agglo : d\u00e9chetterie de Saint Donat<\/span><\/p>\n<p><span style=\"font-family: georgia, palatino, serif;\">&#8211; Valence Romans Agglo : d\u00e9chetteries de Romans et Bourg de p\u00e9age<\/span><\/p>\n<p><span style=\"font-family: georgia, palatino, serif;\">&#8211; Emma\u00fcs : l&rsquo;Espace R\u00e9emploi<\/span><\/p>\n<p><span style=\"font-family: georgia, palatino, serif;\">&#8211; Dynam&rsquo;&amp;Co : \u00ab Chic ! La Boutique \u00bb \u00e0 Romans et Valence.<br \/>\n<\/span><\/p>\n<p>&#8211; Dynam&rsquo;&amp;Co : \u00ab\u00a0Clic ! La Boutique informatique\u00a0\u00bb \u00e0 Romans<\/p>\n","protected":false},"excerpt":{"rendered":"<p>La sensibilisation \u00e0 la r\u00e9duction des d\u00e9chets POURQUOI ? L\u2019utilisation inconsid\u00e9r\u00e9e des ressources, le rejet des d\u00e9chets dans l\u2019environnement et leur \u00e9limination contribuent \u00e0 la d\u00e9t\u00e9rioration de notre environnement. Pollution <a class=\"more-link\" href=\"https:\/\/recyclerie-nouvelle-r.fr\/index.php\/sensibilisation-a-la-reduction-des-dechets\/\">Lire la suite &rarr;<\/a><\/p>\n","protected":false},"author":1,"featured_media":0,"parent":0,"menu_order":0,"comment_status":"closed","ping_status":"closed","template":"","meta":{"footnotes":""},"class_list":["post-163","page","type-page","status-publish","hentry"],"_links":{"self":[{"href":"https:\/\/recyclerie-nouvelle-r.fr\/index.php\/wp-json\/wp\/v2\/pages\/163","targetHints":{"allow":["GET"]}}],"collection":[{"href":"https:\/\/recyclerie-nouvelle-r.fr\/index.php\/wp-json\/wp\/v2\/pages"}],"about":[{"href":"https:\/\/recyclerie-nouvelle-r.fr\/index.php\/wp-json\/wp\/v2\/types\/page"}],"author":[{"embeddable":true,"href":"https:\/\/recyclerie-nouvelle-r.fr\/index.php\/wp-json\/wp\/v2\/users\/1"}],"replies":[{"embeddable":true,"href":"https:\/\/recyclerie-nouvelle-r.fr\/index.php\/wp-json\/wp\/v2\/comments?post=163"}],"version-history":[{"count":7,"href":"https:\/\/recyclerie-nouvelle-r.fr\/index.php\/wp-json\/wp\/v2\/pages\/163\/revisions"}],"predecessor-version":[{"id":405,"href":"https:\/\/recyclerie-nouvelle-r.fr\/index.php\/wp-json\/wp\/v2\/pages\/163\/revisions\/405"}],"wp:attachment":[{"href":"https:\/\/recyclerie-nouvelle-r.fr\/index.php\/wp-json\/wp\/v2\/media?parent=163"}],"curies":[{"name":"wp","href":"https:\/\/api.w.org\/{rel}","templated":true}]}}