{"id":166,"date":"2023-06-12T19:24:00","date_gmt":"2023-06-12T17:24:00","guid":{"rendered":"https:\/\/recyclerie-nouvelle-r.fr\/?page_id=166"},"modified":"2023-12-18T17:59:03","modified_gmt":"2023-12-18T16:59:03","slug":"lagglomeration-valence-romans","status":"publish","type":"page","link":"https:\/\/recyclerie-nouvelle-r.fr\/index.php\/lassociation\/lagglomeration-valence-romans\/","title":{"rendered":"Valence Romans Agglom\u00e9ration"},"content":{"rendered":"<header>\n<h1 class=\"title\"><\/h1>\n<p><img loading=\"lazy\" decoding=\"async\" class=\"alignnone size-full wp-image-332\" src=\"https:\/\/recyclerie-nouvelle-r.fr\/wp-content\/uploads\/2023\/12\/VRA.png\" alt=\"logo Valence Romans Agglo\" width=\"178\" height=\"170\" \/><\/p>\n<\/header>\n<div class=\"content clearfix\">\n<div id=\"cck14\" class=\"cck-f100 cck-pad-8\">\n<div class=\"cck-line-body\">\n<div class=\"cck-plr cck-ptb\">\n<div id=\"cck14_mainbody\" class=\"cck-pos-mainbody seb_css3 vertical cck14-deepest\">\n<div id=\"cck14_art_fulltext\" class=\"cck_contents cck_content cck_wysiwyg_editor cck_art_fulltext\">\n<div id=\"cck14_value_art_fulltext\" class=\"cck_value cck_value_wysiwyg_editor\">\n<p>La Recyclerie Nouvelle\u2019R travaille avec le service pr\u00e9vention d\u00e9chets Valence Romans Agglom\u00e9ration dans le cadre d\u2019une convention d\u2019objectifs.<\/p>\n<p>Pour en savoir plus\u00a0 sur Valence Romans Agglom\u00e9ration :\u00a0<a href=\"http:\/\/www.valenceromansagglo.fr\/fr\/index.html\">Site de Valence Romans Agglo<\/a><\/p>\n<h5>R\u00f4le au sein de la recyclerie Nouvelle R<\/h5>\n<p><img loading=\"lazy\" decoding=\"async\" class=\"alignnone wp-image-167 size-medium\" title=\"Container de r\u00e9emploi \u00e0 Romans\" src=\"https:\/\/recyclerie-nouvelle-r.fr\/wp-content\/uploads\/2023\/06\/container_Romans-300x145.jpg\" alt=\"container de r\u00e9emploi \u00e0 la d\u00e9chetterie de Romans sur Is\u00e8re\" width=\"300\" height=\"145\" srcset=\"https:\/\/recyclerie-nouvelle-r.fr\/wp-content\/uploads\/2023\/06\/container_Romans-300x145.jpg 300w, https:\/\/recyclerie-nouvelle-r.fr\/wp-content\/uploads\/2023\/06\/container_Romans-768x372.jpg 768w, https:\/\/recyclerie-nouvelle-r.fr\/wp-content\/uploads\/2023\/06\/container_Romans.jpg 930w\" sizes=\"auto, (max-width: 300px) 100vw, 300px\" \/><\/p>\n<p>En tant que collectivit\u00e9 en charge des d\u00e9chets m\u00e9nagers et assimil\u00e9s l&rsquo;agglom\u00e9ration Valence Romans Agglo met en place des outils et informations \u00e0 destination des habitants du territoire pour favoriser le r\u00e9emploi.<\/p>\n<p>Ainsi, \u00e0 ce jour,\u00a0<strong>un container de r\u00e9emploi est en place sur la d\u00e9chetterie de Romans et un <\/strong><strong>second \u00e0 la d\u00e9chetterie de Bourg de p\u00e9age.<\/strong><\/p>\n<p>Les\u00a0<strong>agents de la d\u00e9chetterie de Romans et de Bourg de p\u00e9age orientent le public vers les containers Nouvelle&rsquo;R<\/strong>\u00a0(r\u00e9emploi et textile).<\/p>\n<p>Valence Romans Agglom\u00e9ration, comme les autres partenaires,<strong> participe financi\u00e8rement au pilotage de la Recyclerie Nouvelle&rsquo;<\/strong><strong>R.<\/strong><\/p>\n<p><strong>Pour plus d&rsquo;information :<br \/>\n<\/strong><\/p>\n<p>Valence Romans Agglom\u00e9ration<\/p>\n<p><span id=\"cloak2c25a14e0136673858ab002e5f72d337\"><a href=\"mailto:dechets@valenceromansagglo.fr\">dechets@valenceromansagglo.fr<\/a><\/span><\/p>\n<p>1, place Jacques Brel<\/p>\n<p>26 000 Valence<\/p>\n<\/div>\n<\/div>\n<\/div>\n<\/div>\n<\/div>\n<\/div>\n<\/div>\n","protected":false},"excerpt":{"rendered":"<p>La Recyclerie Nouvelle\u2019R travaille avec le service pr\u00e9vention d\u00e9chets Valence Romans Agglom\u00e9ration dans le cadre d\u2019une convention d\u2019objectifs. Pour en savoir plus\u00a0 sur Valence Romans Agglom\u00e9ration :\u00a0Site de Valence Romans <a class=\"more-link\" href=\"https:\/\/recyclerie-nouvelle-r.fr\/index.php\/lassociation\/lagglomeration-valence-romans\/\">Lire la suite &rarr;<\/a><\/p>\n","protected":false},"author":1,"featured_media":0,"parent":15,"menu_order":0,"comment_status":"closed","ping_status":"closed","template":"","meta":{"footnotes":""},"class_list":["post-166","page","type-page","status-publish","hentry"],"_links":{"self":[{"href":"https:\/\/recyclerie-nouvelle-r.fr\/index.php\/wp-json\/wp\/v2\/pages\/166","targetHints":{"allow":["GET"]}}],"collection":[{"href":"https:\/\/recyclerie-nouvelle-r.fr\/index.php\/wp-json\/wp\/v2\/pages"}],"about":[{"href":"https:\/\/recyclerie-nouvelle-r.fr\/index.php\/wp-json\/wp\/v2\/types\/page"}],"author":[{"embeddable":true,"href":"https:\/\/recyclerie-nouvelle-r.fr\/index.php\/wp-json\/wp\/v2\/users\/1"}],"replies":[{"embeddable":true,"href":"https:\/\/recyclerie-nouvelle-r.fr\/index.php\/wp-json\/wp\/v2\/comments?post=166"}],"version-history":[{"count":11,"href":"https:\/\/recyclerie-nouvelle-r.fr\/index.php\/wp-json\/wp\/v2\/pages\/166\/revisions"}],"predecessor-version":[{"id":334,"href":"https:\/\/recyclerie-nouvelle-r.fr\/index.php\/wp-json\/wp\/v2\/pages\/166\/revisions\/334"}],"up":[{"embeddable":true,"href":"https:\/\/recyclerie-nouvelle-r.fr\/index.php\/wp-json\/wp\/v2\/pages\/15"}],"wp:attachment":[{"href":"https:\/\/recyclerie-nouvelle-r.fr\/index.php\/wp-json\/wp\/v2\/media?parent=166"}],"curies":[{"name":"wp","href":"https:\/\/api.w.org\/{rel}","templated":true}]}}