{"id":172,"date":"2023-06-13T13:41:51","date_gmt":"2023-06-13T11:41:51","guid":{"rendered":"https:\/\/recyclerie-nouvelle-r.fr\/?page_id=172"},"modified":"2024-06-20T12:06:26","modified_gmt":"2024-06-20T10:06:26","slug":"les-visites-de-la-recyclerie","status":"publish","type":"page","link":"https:\/\/recyclerie-nouvelle-r.fr\/index.php\/sensibilisation-a-la-reduction-des-dechets\/les-visites-de-la-recyclerie\/","title":{"rendered":"Les visites de la recyclerie"},"content":{"rendered":"<div class=\"content clearfix\">\n<div id=\"cck72\" class=\"cck-f100 cck-pad-8\">\n<div>\n<div class=\"cck-line-body\">\n<div class=\"cck-plr cck-ptb\">\n<div id=\"cck72_mainbody\" class=\"cck-pos-mainbody seb_css3 vertical cck72-deepest\">\n<div id=\"cck72_art_introtext\" class=\"cck_contents cck_content cck_textarea cck_art_introtext\">\n<div id=\"cck72_value_art_introtext\" class=\"cck_value cck_value_textarea\"><span style=\"font-family: georgia, palatino, serif;\">Nouvelle&rsquo;R, ce sont 4 sites, 5 acteurs, un projet collaboratif qui vise \u00e0 donner une seconde vie aux objets et r\u00e9duire les d\u00e9chets.<\/span><\/div>\n<\/div>\n<div id=\"cck72_art_fulltext\" class=\"cck_contents cck_content cck_wysiwyg_editor cck_art_fulltext\">\n<div id=\"cck72_value_art_fulltext\" class=\"cck_value cck_value_wysiwyg_editor\">\n<p><span style=\"font-family: georgia, palatino, serif;\">Si vous souhaitez d\u00e9couvrir les diff\u00e9rentes fili\u00e8res, notre organisation, les lieux, le partenariat&#8230; il est possible de participer \u00e0 des visites de la recyclerie.<\/span><\/p>\n<p>&nbsp;<\/p>\n<p><span style=\"font-family: georgia, palatino, serif;\"><img loading=\"lazy\" decoding=\"async\" class=\"size-medium wp-image-173 aligncenter\" src=\"https:\/\/recyclerie-nouvelle-r.fr\/wp-content\/uploads\/2023\/06\/visite_SNDD_emmaus-300x200.jpg\" alt=\"\" width=\"300\" height=\"200\" srcset=\"https:\/\/recyclerie-nouvelle-r.fr\/wp-content\/uploads\/2023\/06\/visite_SNDD_emmaus-300x200.jpg 300w, https:\/\/recyclerie-nouvelle-r.fr\/wp-content\/uploads\/2023\/06\/visite_SNDD_emmaus-768x512.jpg 768w, https:\/\/recyclerie-nouvelle-r.fr\/wp-content\/uploads\/2023\/06\/visite_SNDD_emmaus.jpg 800w\" sizes=\"auto, (max-width: 300px) 100vw, 300px\" \/><\/span><\/p>\n<p><span style=\"font-family: georgia, palatino, serif;\">Deux possibilit\u00e9s :<\/span><\/p>\n<p><span style=\"font-family: georgia, palatino, serif;\">&#8211; les<strong> visites propos\u00e9es au public<\/strong> lors des semaines \u00e0 th\u00e8me : semaine du d\u00e9veloppement durable, semaine de r\u00e9duction des d\u00e9chets fin novembre, etc. Informations : <span id=\"cloake6fa4d3f5094b261a9490600178c62c0\"><a href=\"mailto:sabine.wanegue@recyclerie-nouvelle-r.fr\">sabine.wanegue@recyclerie-nouvelle-r.fr<\/a><\/span><\/span><\/p>\n<p><span style=\"font-family: georgia, palatino, serif;\">&#8211; des visites que nous programmons avec vous, <strong>porteurs de projet ressourcerie<\/strong> ou public. Informations : <span id=\"cloakb2f2d36ca0946c302e7dc8fadb07368e\"><a href=\"mailto:sabine.wanegue@recyclerie-nouvelle-r.fr\">sabine.wanegue@recyclerie-nouvelle-r.fr<\/a><\/span><\/span><\/p>\n<p>&nbsp;<\/p>\n<p><span style=\"font-family: georgia, palatino, serif;\">Ces visites durent 3h.<img loading=\"lazy\" decoding=\"async\" class=\" wp-image-174 alignleft\" src=\"https:\/\/recyclerie-nouvelle-r.fr\/wp-content\/uploads\/2023\/06\/visite_SNDD_decheterie-200x300.jpg\" alt=\"\" width=\"234\" height=\"344\" \/> Elles comprennent :<\/span><\/p>\n<p><span style=\"font-family: georgia, palatino, serif;\">&#8211; un descriptif du projet dans sa globalit\u00e9<\/span><\/p>\n<p><span style=\"font-family: georgia, palatino, serif;\">&#8211; une visite des containers en d\u00e9chetterie de Romans<\/span><\/p>\n<p><span style=\"font-family: georgia, palatino, serif;\">&#8211; une visite de la Mat\u00e9riauth\u00e8que, local de la Ressourcerie Verte<\/span><\/p>\n<p><span style=\"font-family: georgia, palatino, serif;\">&#8211; une visite de l&rsquo;espace R\u00e9emploi Nouvelle&rsquo;R \u00e0 Emma\u00fcs St Paul-l\u00e8s-Romans<\/span><\/p>\n<p><span style=\"font-family: georgia, palatino, serif;\">&#8211; une visite du centre de tri textile et de Chic! la boutique (Place Jules Nadi \u00e0 Romans)<br \/>\n<\/span><\/p>\n<p><span style=\"font-family: georgia, palatino, serif;\"> &#8211; une visite de l&rsquo;atelier informatique \u00ab\u00a0Clic! La Boutique\u00a0\u00bb<\/span><\/p>\n<p>&nbsp;<\/p>\n<p>&nbsp;<\/p>\n<\/div>\n<\/div>\n<\/div>\n<\/div>\n<\/div>\n<\/div>\n<\/div>\n<\/div>\n","protected":false},"excerpt":{"rendered":"<p>Nouvelle&rsquo;R, ce sont 4 sites, 5 acteurs, un projet collaboratif qui vise \u00e0 donner une seconde vie aux objets et r\u00e9duire les d\u00e9chets. Si vous souhaitez d\u00e9couvrir les diff\u00e9rentes fili\u00e8res, <a class=\"more-link\" href=\"https:\/\/recyclerie-nouvelle-r.fr\/index.php\/sensibilisation-a-la-reduction-des-dechets\/les-visites-de-la-recyclerie\/\">Lire la suite &rarr;<\/a><\/p>\n","protected":false},"author":1,"featured_media":0,"parent":163,"menu_order":0,"comment_status":"closed","ping_status":"closed","template":"","meta":{"footnotes":""},"class_list":["post-172","page","type-page","status-publish","hentry"],"_links":{"self":[{"href":"https:\/\/recyclerie-nouvelle-r.fr\/index.php\/wp-json\/wp\/v2\/pages\/172","targetHints":{"allow":["GET"]}}],"collection":[{"href":"https:\/\/recyclerie-nouvelle-r.fr\/index.php\/wp-json\/wp\/v2\/pages"}],"about":[{"href":"https:\/\/recyclerie-nouvelle-r.fr\/index.php\/wp-json\/wp\/v2\/types\/page"}],"author":[{"embeddable":true,"href":"https:\/\/recyclerie-nouvelle-r.fr\/index.php\/wp-json\/wp\/v2\/users\/1"}],"replies":[{"embeddable":true,"href":"https:\/\/recyclerie-nouvelle-r.fr\/index.php\/wp-json\/wp\/v2\/comments?post=172"}],"version-history":[{"count":7,"href":"https:\/\/recyclerie-nouvelle-r.fr\/index.php\/wp-json\/wp\/v2\/pages\/172\/revisions"}],"predecessor-version":[{"id":376,"href":"https:\/\/recyclerie-nouvelle-r.fr\/index.php\/wp-json\/wp\/v2\/pages\/172\/revisions\/376"}],"up":[{"embeddable":true,"href":"https:\/\/recyclerie-nouvelle-r.fr\/index.php\/wp-json\/wp\/v2\/pages\/163"}],"wp:attachment":[{"href":"https:\/\/recyclerie-nouvelle-r.fr\/index.php\/wp-json\/wp\/v2\/media?parent=172"}],"curies":[{"name":"wp","href":"https:\/\/api.w.org\/{rel}","templated":true}]}}