{"id":177,"date":"2023-06-13T13:48:22","date_gmt":"2023-06-13T11:48:22","guid":{"rendered":"https:\/\/recyclerie-nouvelle-r.fr\/?page_id=177"},"modified":"2026-04-15T10:42:51","modified_gmt":"2026-04-15T08:42:51","slug":"interventions-exterieures","status":"publish","type":"page","link":"https:\/\/recyclerie-nouvelle-r.fr\/index.php\/sensibilisation-a-la-reduction-des-dechets\/interventions-exterieures\/","title":{"rendered":"Interventions ext\u00e9rieures"},"content":{"rendered":"<div class=\"content clearfix\">\n<div id=\"cck96\" class=\"cck-f100 cck-pad-8\">\n<div>\n<div class=\"cck-line-body\">\n<div class=\"cck-plr cck-ptb\">\n<div id=\"cck96_mainbody\" class=\"cck-pos-mainbody seb_css3 vertical cck96-deepest\">\n<div id=\"cck96_art_introtext\" class=\"cck_contents cck_content cck_textarea cck_art_introtext\">\n<div id=\"cck96_value_art_introtext\" class=\"cck_value cck_value_textarea\"><span style=\"font-family: georgia, palatino, serif;\">Ateliers, visites, accompagnement de projets&#8230; autant d&rsquo;actions que la Ressourcerie Verte peut proposer aux \u00e9tablissements scolaires et aux entreprises<\/span><\/div>\n<\/div>\n<div id=\"cck96_art_fulltext\" class=\"cck_contents cck_content cck_wysiwyg_editor cck_art_fulltext\">\n<div id=\"cck96_value_art_fulltext\" class=\"cck_value cck_value_wysiwyg_editor\">\n<p><span style=\"font-family: georgia, palatino, serif;\">Forte de son exp\u00e9rience en <strong>animation d&rsquo;ateliers de savoir-faire r\u00e9cup&rsquo;<\/strong> mais aussi d<strong>&lsquo;intervention \/ accompagnement aupr\u00e8s de groupes scolaires<\/strong>, la Ressourcerie Verte propose diff\u00e9rents modules pour parler de fa\u00e7on pratique de la r\u00e9duction des d\u00e9chets.<\/span><\/p>\n<p>&nbsp;<\/p>\n<p><span style=\"font-family: georgia, palatino, serif;\">Vous souhaitez plus d&rsquo;informations ? Merci de contacter Sabine (contact@recyclerie-nouvelle-r.fr) qui se tient \u00e0 votre disposition pour toute information \u00e0 ce sujet.<\/span><\/p>\n<p><span style=\"font-family: georgia, palatino, serif;\"><strong>SENSIBILISER \u00c0 LA R\u00c9DUCTION DES D\u00c9CHETS<br \/>\n<\/strong><\/span><\/p>\n<p><span style=\"font-family: georgia, palatino, serif;\"><strong>Pourquoi ?<br \/>\n<\/strong>L&rsquo;utilisation inconsid\u00e9r\u00e9e des ressources, le rejet des d\u00e9chets et leur \u00e9limination contribuent \u00e0 la d\u00e9t\u00e9rioration de notre environnement : pollution de l&rsquo;air (= 3% des \u00e9missions de gaz \u00e0 effet de serre sur le territoire fran\u00e7ais), de l&rsquo;eau, des sols,&#8230; Cette d\u00e9gradation a des impacts sur les milieux naturels, la soci\u00e9t\u00e9, la sant\u00e9 humaine, l&rsquo;\u00e9conomie, les esp\u00e8ces vivantes, la production alimentaire,&#8230;<\/span><br \/>\n<span style=\"font-family: georgia, palatino, serif;\">La lutte pour la pr\u00e9servation de l&rsquo;environnement passe donc en partie par la diminution des d\u00e9chets, et notamment de ceux destin\u00e9s \u00e0 l&rsquo;enfouissement. Or, s&rsquo;interroger sur nos d\u00e9chets, c&rsquo;est s&rsquo;interroger sur nos modes de vie. Et s&rsquo;int\u00e9resser \u00e0 ce qu&rsquo;on jette, c&rsquo;est s&rsquo;int\u00e9resser \u00e0 ce qu&rsquo;on ach\u00e8te et \u00e0 ce qui est produit.<\/span><\/p>\n<p><span style=\"font-family: georgia, palatino, serif;\">Partant de ces id\u00e9es nous souhaitons :<\/span><br \/>\n<span style=\"font-family: georgia, palatino, serif;\">\u2022 amener une r\u00e9flexion sur nos modes de vie marqu\u00e9s par le \u00abtout jetable\u00bb : sur la consommation, les modes de production et, plus g\u00e9n\u00e9ralement,sur les mod\u00e8les sociaux et \u00e9conomiques.<\/span><br \/>\n<span style=\"font-family: georgia, palatino, serif;\">\u2022 mettre en avant la r\u00e9duction des d\u00e9chets, le r\u00e9emploi et le recyclage d&rsquo;objets vou\u00e9s \u00e0 la destruction et, plus g\u00e9n\u00e9ralement, la r\u00e9duction de notre impact sur l&rsquo;environnement.<\/span><br \/>\n<span style=\"font-family: georgia, palatino, serif;\">\u2022 proposer des solutions participatives, cr\u00e9atives et motivantes, sans aucune moralisation.<\/span><\/p>\n<p><span style=\"font-family: georgia, palatino, serif;\">Quoi ?<\/span><\/p>\n<p><span style=\"font-family: georgia, palatino, serif;\">Nous disposons pour cela d&rsquo;outils vari\u00e9s :<\/span><br \/>\n<span style=\"font-family: georgia, palatino, serif;\">\u2022 Ateliers de savoir-faire ax\u00e9s sur le bricolage et les loisirs cr\u00e9atifs \u00e0 partir de mat\u00e9riaux r\u00e9cup\u00e9r\u00e9s. Par exemple : tawashi,sacs \u00e0 vrac, restauration et relooking de meubles, fabrication de meubles en palettes, fabrication de composteurs, initiation \u00e0 la soudure,&#8230;<\/span><br \/>\n<span style=\"font-family: georgia, palatino, serif;\">\u2022 \u00c9v\u00e9nements festifs et informatifs : Organisation d&rsquo;\u00e9v\u00e9nements, participation \u00e0 la Semaine Europ\u00e9enne de R\u00e9duction des d\u00e9chets (SERD) et du D\u00e9veloppement Durable (SEDD), participation aux \u00e9v\u00e9nements des maisons de quartier de Romans,&#8230;<\/span><\/p>\n<p><span style=\"font-family: georgia, palatino, serif;\">\u2022 Caf\u00e9s-r\u00e9paration qui permettent de proposer \u00e0 ceux qui veulent r\u00e9parer les objets du quotidien (\u00e9lectrom\u00e9nager, jouets, meubles,&#8230;) un temps pendant lequel des b\u00e9n\u00e9voles bricoleurs les aident \u00e0 trouver d&rsquo;o\u00f9 vient le dysfonctionnement et leur apprennent \u00e0 r\u00e9parer.<\/span><br \/>\n<span style=\"font-family: georgia, palatino, serif;\">\u2022 Visites de la Ressourcerie Verte et de la Recyclerie Nouvelle R.<\/span><br \/>\n<span style=\"font-family: georgia, palatino, serif;\">\u2022 Animations pour les structures d&rsquo;\u00e9ducation ou d&rsquo;animation, autour de la gestion des d\u00e9chets, du r\u00e9emploi, du bricolage et de l&rsquo;\u00e9co-citoyennet\u00e9.<\/span><br \/>\n<span style=\"font-family: georgia, palatino, serif;\">Exemples d&rsquo;animations r\u00e9alis\u00e9es (pour + d&rsquo;infos :(contact@recyclerie-nouvelle-r.fr<span id=\"cloaka4cd9b22c1b54fbf2269e7b9de5f53c8\"><\/span>) :<\/span><br \/>\n<span style=\"font-family: georgia, palatino, serif;\">\u2022 Accompagnement de projet : R\u00e9alisation d&rsquo;un \u00ab Abri \u00e0 papier \u00bb au lyc\u00e9e Montplaisir de Valence<\/span><br \/>\n<span style=\"font-family: georgia, palatino, serif;\">\u2022 Atelier : Fabrication de jardini\u00e8res en palettes avec le coll\u00e8ge Lapassat de Romans<\/span><br \/>\n<span style=\"font-family: georgia, palatino, serif;\">\u2022 Collaboration avec le lyc\u00e9e Terre d&rsquo;Horizon de Romans pour le concours jardins 2015.<\/span><br \/>\n<span style=\"font-family: georgia, palatino, serif;\">\u2022 Participation avec le lyc\u00e9e du Dauphin\u00e9 dans le cadre d&rsquo;un troc de v\u00eatements : partage de documents et r\u00e9f\u00e9rences vid\u00e9os sur la consommation textiles&#8230;2019-2020<\/span><br \/>\n<span style=\"font-family: georgia, palatino, serif;\">\u2022 Rencontres avec les lyc\u00e9es du Triboulet et Terre d&rsquo;Horizon en 2020 pour des actions de sensibilisation 2019-2020<\/span><\/p>\n<p><span style=\"font-family: georgia, palatino, serif;\">Comment ?<\/span><\/p>\n<p><span style=\"font-family: georgia, palatino, serif;\">Toutes nos actions de sensibilisation de basent sur les principes suivants :<\/span><br \/>\n<span style=\"font-family: georgia, palatino, serif;\">\u2022 Utiliser des outils participatifs, issus de l&rsquo;\u00e9ducation populaire<\/span><br \/>\n<span style=\"font-family: georgia, palatino, serif;\">\u2022 Favoriser la coop\u00e9ration, le faire ensemble et l&rsquo;intelligence collective<\/span><br \/>\n<span style=\"font-family: georgia, palatino, serif;\">\u2022 S&rsquo;appuyer sur nos activit\u00e9s, notre exp\u00e9rience, et nos ressources, mat\u00e9rielles et humaines<\/span><br \/>\n<span style=\"font-family: georgia, palatino, serif;\">\u2022 Donner \u00e0 voir &#8211; et \u00e0 vivre &#8211; un lieu de consommation alternative, d&rsquo;\u00e9changes de savoirs et savoir-faire<\/span><br \/>\n<span style=\"font-family: georgia, palatino, serif;\">\u2022 Susciter l&rsquo;exp\u00e9rimentation et donner droit \u00e0 l&rsquo;erreur<\/span><br \/>\n<span style=\"font-family: georgia, palatino, serif;\">\u2022 Adopter une attitude bienveillante et non-jugeante<\/span><br \/>\n<span style=\"font-family: georgia, palatino, serif;\">\u2022 S&rsquo;adapter \u00e0 tou-te-s, et valoriser les exp\u00e9riences et savoirs de chacun-e-s<\/span><br \/>\n<span style=\"font-family: georgia, palatino, serif;\">\u2022 Encourager la cr\u00e9ativit\u00e9 et valoriser l&rsquo;imaginaire<\/span><\/p>\n<p><span style=\"font-family: georgia, palatino, serif;\"><strong>MODULES DE SENSIBILISATION<\/strong><\/span><\/p>\n<p><strong><span style=\"font-family: georgia, palatino, serif;\">D\u00e9couvrir<\/span><\/strong><br \/>\n<span style=\"font-family: georgia, palatino, serif;\">&#8211; visite de la Recyclerie Nouvelle&rsquo;R<\/span><br \/>\n<span style=\"font-family: georgia, palatino, serif;\">&#8211; pr\u00e9sentation de la Recyclerie Nouvelle&rsquo;R en classe<\/span><\/p>\n<p><strong><span style=\"font-family: georgia, palatino, serif;\">Cr\u00e9er<\/span><\/strong><br \/>\n<span style=\"font-family: georgia, palatino, serif;\">Les ateliers de savoir-faire<\/span><br \/>\n<span style=\"font-family: georgia, palatino, serif;\">Accompagnement de projets<\/span><\/p>\n<p><span style=\"font-family: georgia, palatino, serif;\">S&rsquo;interroger (module en cours de modifications)<\/span><br \/>\n<span style=\"font-family: georgia, palatino, serif;\">Cycle de la mati\u00e8re : de la ressource environnementale<\/span><br \/>\n<span style=\"font-family: georgia, palatino, serif;\">au d\u00e9chet<\/span><br \/>\n<span style=\"font-family: georgia, palatino, serif;\">Cycle d&rsquo;usage des objets : de la conception au d\u00e9chet<\/span><\/p>\n<p><strong><span style=\"font-family: georgia, palatino, serif;\">D\u00c9COUVRIR<\/span><\/strong><\/p>\n<p><span style=\"font-family: georgia, palatino, serif;\">Les partenaires de la Recyclerie Nouvelle\u2019R ouvrent leurs portes aux groupes afin de faire d\u00e9couvrir au public les rouages de la r\u00e9cup&rsquo;, du r\u00e9emploi et de la valorisation des d\u00e9chets !<\/span><\/p>\n<p><strong><span style=\"font-family: georgia, palatino, serif;\">PR\u00c9SENTATION DE LA RECYCLERIE NOUVELLE\u2019R EN CLASSE<\/span><\/strong><\/p>\n<p><span style=\"font-family: georgia, palatino, serif;\">Mots cl\u00e9s : Ressourcerie\/recyclerie, consommation, d\u00e9chets&#8230;<\/span><br \/>\n<span style=\"font-family: georgia, palatino, serif;\">Public : Coll\u00e8ges, lyc\u00e9es, formations professionnelles<\/span><br \/>\n<span style=\"font-family: georgia, palatino, serif;\">Objectifs :<\/span><br \/>\n<span style=\"font-family: georgia, palatino, serif;\">\u2013 D\u00e9couvrir l&rsquo;association et ses activit\u00e9s : d\u00e9couvrir un acteur associatif local, comprendre ses diff\u00e9rentes activit\u00e9s et leurs enjeux<\/span><br \/>\n<span style=\"font-family: georgia, palatino, serif;\">\u2013 Questionner les notions de d\u00e9chet et de ressource<\/span><br \/>\n<span style=\"font-family: georgia, palatino, serif;\">\u2013 Comprendre les enjeux li\u00e9s \u00e0 la gestion des d\u00e9chets<\/span><br \/>\n<span style=\"font-family: georgia, palatino, serif;\">\u2013 Comprendre le cycle fabrication -&gt; consommation\/utilisation -&gt; \u00e9limination<\/span><br \/>\n<span style=\"font-family: georgia, palatino, serif;\">\u2013 Interpeller sur la consommation \/ utilisation responsable des objet<\/span><span style=\"font-family: georgia, palatino, serif;\">s<\/span><\/p>\n<p>&nbsp;<\/p>\n<p>&nbsp;<\/p>\n<\/div>\n<\/div>\n<\/div>\n<\/div>\n<\/div>\n<\/div>\n<\/div>\n<\/div>\n","protected":false},"excerpt":{"rendered":"<p>Ateliers, visites, accompagnement de projets&#8230; autant d&rsquo;actions que la Ressourcerie Verte peut proposer aux \u00e9tablissements scolaires et aux entreprises Forte de son exp\u00e9rience en animation d&rsquo;ateliers de savoir-faire r\u00e9cup&rsquo; mais <a class=\"more-link\" href=\"https:\/\/recyclerie-nouvelle-r.fr\/index.php\/sensibilisation-a-la-reduction-des-dechets\/interventions-exterieures\/\">Lire la suite &rarr;<\/a><\/p>\n","protected":false},"author":1,"featured_media":0,"parent":163,"menu_order":0,"comment_status":"closed","ping_status":"closed","template":"","meta":{"footnotes":""},"class_list":["post-177","page","type-page","status-publish","hentry"],"_links":{"self":[{"href":"https:\/\/recyclerie-nouvelle-r.fr\/index.php\/wp-json\/wp\/v2\/pages\/177","targetHints":{"allow":["GET"]}}],"collection":[{"href":"https:\/\/recyclerie-nouvelle-r.fr\/index.php\/wp-json\/wp\/v2\/pages"}],"about":[{"href":"https:\/\/recyclerie-nouvelle-r.fr\/index.php\/wp-json\/wp\/v2\/types\/page"}],"author":[{"embeddable":true,"href":"https:\/\/recyclerie-nouvelle-r.fr\/index.php\/wp-json\/wp\/v2\/users\/1"}],"replies":[{"embeddable":true,"href":"https:\/\/recyclerie-nouvelle-r.fr\/index.php\/wp-json\/wp\/v2\/comments?post=177"}],"version-history":[{"count":6,"href":"https:\/\/recyclerie-nouvelle-r.fr\/index.php\/wp-json\/wp\/v2\/pages\/177\/revisions"}],"predecessor-version":[{"id":407,"href":"https:\/\/recyclerie-nouvelle-r.fr\/index.php\/wp-json\/wp\/v2\/pages\/177\/revisions\/407"}],"up":[{"embeddable":true,"href":"https:\/\/recyclerie-nouvelle-r.fr\/index.php\/wp-json\/wp\/v2\/pages\/163"}],"wp:attachment":[{"href":"https:\/\/recyclerie-nouvelle-r.fr\/index.php\/wp-json\/wp\/v2\/media?parent=177"}],"curies":[{"name":"wp","href":"https:\/\/api.w.org\/{rel}","templated":true}]}}