{"id":187,"date":"2023-06-13T14:01:31","date_gmt":"2023-06-13T12:01:31","guid":{"rendered":"https:\/\/recyclerie-nouvelle-r.fr\/?page_id=187"},"modified":"2023-12-15T15:40:41","modified_gmt":"2023-12-15T14:40:41","slug":"emmaus-saint-paul-les-romans","status":"publish","type":"page","link":"https:\/\/recyclerie-nouvelle-r.fr\/index.php\/lassociation\/emmaus-saint-paul-les-romans\/","title":{"rendered":"Emma\u00fcs Saint-Paul l\u00e8s Romans"},"content":{"rendered":"<p><span style=\"font-family: georgia, palatino, serif;\"><img loading=\"lazy\" decoding=\"async\" class=\"alignleft wp-image-190 \" src=\"https:\/\/recyclerie-nouvelle-r.fr\/wp-content\/uploads\/2023\/06\/NOUVEAU-LOGO-Emmaus_St_Paul_BL.png\" alt=\"logo Emma\u00fcs\" width=\"175\" height=\"119\" \/>Emma\u00fcs St Paul-l\u00e8s-Romans est une communaut\u00e9 qui existe depuis 1971.<\/span><\/p>\n<p><span style=\"font-family: georgia, palatino, serif;\">Elle accueille et accompagne 30 compagnons et compagnes de fa\u00e7on globale.<\/span><\/p>\n<p><span style=\"font-family: georgia, palatino, serif;\">Son objectif est de lutter contre toutes les exclusions en d\u00e9non\u00e7ant leurs causes.<\/span><br \/>\n<span style=\"font-family: georgia, palatino, serif;\">Ses moyens d&rsquo;action sont la valorisation et le r\u00e9-emploi de dons de particuliers : v\u00eatements, meubles, vaisselle et objets de d\u00e9coration, appareils \u00e9lectrom\u00e9nagers, hifi, livres, jouets&#8230;<\/span><\/p>\n<p><span style=\"font-family: georgia, palatino, serif;\"><img loading=\"lazy\" decoding=\"async\" class=\"wp-image-188 size-medium aligncenter\" src=\"https:\/\/recyclerie-nouvelle-r.fr\/wp-content\/uploads\/2023\/06\/espace_P_Emmaus4compresse-225x300.jpg\" alt=\"\" width=\"225\" height=\"300\" srcset=\"https:\/\/recyclerie-nouvelle-r.fr\/wp-content\/uploads\/2023\/06\/espace_P_Emmaus4compresse-225x300.jpg 225w, https:\/\/recyclerie-nouvelle-r.fr\/wp-content\/uploads\/2023\/06\/espace_P_Emmaus4compresse-768x1024.jpg 768w, https:\/\/recyclerie-nouvelle-r.fr\/wp-content\/uploads\/2023\/06\/espace_P_Emmaus4compresse.jpg 800w\" sizes=\"auto, (max-width: 225px) 100vw, 225px\" \/><\/span><\/p>\n<p>&nbsp;<\/p>\n<h5><strong><span style=\"font-family: georgia, palatino, serif;\">R\u00f4le au sein de la Recyclerie Nouvelle R<\/span><\/strong><\/h5>\n<ul style=\"list-style-type: circle;\">\n<li><span style=\"font-family: georgia, palatino, serif;\">\u00a0<span style=\"font-size: 20px;\"><strong>r\u00e9-emploi d&rsquo;objets<\/strong> <span style=\"font-size: 16px;\">provenant\u00a0<\/span><\/span><span style=\"font-size: 16px;\"> des d\u00e9chetteries de Romans, Bourg de p\u00e9age et Saint Donat<\/span><\/span><\/li>\n<li><span style=\"font-family: georgia, palatino, serif;\"><strong><span style=\"font-size: 20px;\">h\u00e9bergement et cr\u00e9ation d&rsquo;\u00e9v\u00e8nements<\/span> <\/strong><span style=\"font-size: 16px;\">autour du d\u00e9tournement d&rsquo;objets et de la customisation<\/span><\/span><\/li>\n<li><span style=\"font-family: georgia, palatino, serif;\"><strong><span style=\"font-size: 20px;\">contribution \u00e0 la sensibilisation<\/span> <\/strong><span style=\"font-size: 16px;\">sur la limitation des d\u00e9chets et la consommation raisonnable<\/span><\/span><\/li>\n<\/ul>\n<p><span style=\"font-family: georgia, palatino, serif;\"><strong>Pour plus d&rsquo;information:<\/strong><\/span><\/p>\n<p><span class=\"adresse-contact\" style=\"font-family: georgia, palatino, serif;\">Emma\u00fcs St Paul-l\u00e8s-Romans<\/span><\/p>\n<p><span style=\"font-family: georgia, palatino, serif;\"><span class=\"adresse-contact\">ZA Le Grand Chasse R.N.92<br \/>\n<\/span> <span class=\"cp-contact\"> 26750 <\/span> <span class=\"ville-contact\"> Saint Paul les Romans<\/span> <span class=\"pays-contact\"><br \/>\n<\/span><\/span><\/p>\n<p><span class=\"pays-contact\" style=\"font-family: georgia, palatino, serif;\">T\u00e9l. : 04 75 72 63 16<\/span><\/p>\n<p><span class=\"pays-contact\" style=\"font-family: georgia, palatino, serif;\">E-mail : <span id=\"cloak3d6af6f5ce66123b0f4255fc1d6008c0\"><a href=\"mailto:emmaus.stpaul@wanadoo.fr\">emmaus.stpaul@wanadoo.fr<\/a><\/span><\/span><\/p>\n","protected":false},"excerpt":{"rendered":"<p>Emma\u00fcs St Paul-l\u00e8s-Romans est une communaut\u00e9 qui existe depuis 1971. Elle accueille et accompagne 30 compagnons et compagnes de fa\u00e7on globale. Son objectif est de lutter contre toutes les exclusions <a class=\"more-link\" href=\"https:\/\/recyclerie-nouvelle-r.fr\/index.php\/lassociation\/emmaus-saint-paul-les-romans\/\">Lire la suite &rarr;<\/a><\/p>\n","protected":false},"author":1,"featured_media":0,"parent":15,"menu_order":0,"comment_status":"closed","ping_status":"closed","template":"","meta":{"footnotes":""},"class_list":["post-187","page","type-page","status-publish","hentry"],"_links":{"self":[{"href":"https:\/\/recyclerie-nouvelle-r.fr\/index.php\/wp-json\/wp\/v2\/pages\/187","targetHints":{"allow":["GET"]}}],"collection":[{"href":"https:\/\/recyclerie-nouvelle-r.fr\/index.php\/wp-json\/wp\/v2\/pages"}],"about":[{"href":"https:\/\/recyclerie-nouvelle-r.fr\/index.php\/wp-json\/wp\/v2\/types\/page"}],"author":[{"embeddable":true,"href":"https:\/\/recyclerie-nouvelle-r.fr\/index.php\/wp-json\/wp\/v2\/users\/1"}],"replies":[{"embeddable":true,"href":"https:\/\/recyclerie-nouvelle-r.fr\/index.php\/wp-json\/wp\/v2\/comments?post=187"}],"version-history":[{"count":9,"href":"https:\/\/recyclerie-nouvelle-r.fr\/index.php\/wp-json\/wp\/v2\/pages\/187\/revisions"}],"predecessor-version":[{"id":314,"href":"https:\/\/recyclerie-nouvelle-r.fr\/index.php\/wp-json\/wp\/v2\/pages\/187\/revisions\/314"}],"up":[{"embeddable":true,"href":"https:\/\/recyclerie-nouvelle-r.fr\/index.php\/wp-json\/wp\/v2\/pages\/15"}],"wp:attachment":[{"href":"https:\/\/recyclerie-nouvelle-r.fr\/index.php\/wp-json\/wp\/v2\/media?parent=187"}],"curies":[{"name":"wp","href":"https:\/\/api.w.org\/{rel}","templated":true}]}}