{"id":33,"date":"2023-06-07T09:54:10","date_gmt":"2023-06-07T07:54:10","guid":{"rendered":"https:\/\/recyclerie-nouvelle-r.fr\/?page_id=33"},"modified":"2026-04-15T10:35:11","modified_gmt":"2026-04-15T08:35:11","slug":"definition-recyclerie","status":"publish","type":"page","link":"https:\/\/recyclerie-nouvelle-r.fr\/index.php\/sensibilisation-a-la-reduction-des-dechets\/definition-recyclerie\/","title":{"rendered":"D\u00e9finition recyclerie"},"content":{"rendered":"<header>\n<h1><span style=\"font-family: georgia, palatino, serif;\"><img loading=\"lazy\" decoding=\"async\" class=\"wp-image-27 aligncenter\" src=\"https:\/\/recyclerie-nouvelle-r.fr\/wp-content\/uploads\/2023\/06\/logo_Recyclerie_NouvelleR_compresse-300x206.jpg\" alt=\"\" width=\"489\" height=\"342\" \/><\/span><\/h1>\n<h1 class=\"title\"><span style=\"font-family: georgia, palatino, serif;\">Qu&rsquo;est-ce qu&rsquo;une Recyclerie?<\/span><\/h1>\n<\/header>\n<div class=\"content clearfix\">\n<div id=\"cck34\" class=\"cck-f100 cck-pad-8\">\n<div class=\"cck-line-body\">\n<div class=\"cck-plr cck-ptb\">\n<div id=\"cck34_mainbody\" class=\"cck-pos-mainbody seb_css3 vertical cck34-deepest\">\n<div id=\"cck34_art_fulltext\" class=\"cck_contents cck_content cck_wysiwyg_editor cck_art_fulltext\">\n<div id=\"cck34_value_art_fulltext\" class=\"cck_value cck_value_wysiwyg_editor\">\n<p><span style=\"font-family: georgia, palatino, serif;\">Une recyclerie est un outil de gestion des d\u00e9chets qui a pour but de r\u00e9duire les d\u00e9chets enfouis ou incin\u00e9r\u00e9s. On l&rsquo;appelle \u00e9galement Ressourcerie, terme qu\u00e9b\u00e9cois.<\/span><\/p>\n<h4><strong><span style=\"font-family: georgia, palatino, serif;\">Le concept\u00a0 des 3 R\u00a0: R\u00e9duire, R\u00e9utiliser, Recycler les d\u00e9chets<\/span><\/strong><\/h4>\n<p><span style=\"font-family: georgia, palatino, serif;\">L&rsquo;objectif premier des recycleries\/ ressourceries est de r\u00e9duire les d\u00e9chets. Face aux deux probl\u00e9matiques de gaspillage et d&rsquo;enfouissement (ou incin\u00e9ration) des d\u00e9chets, les recycleries donnent la priorit\u00e9 <strong>aux changements de comportements des citoyens<\/strong> : pour produire moins de d\u00e9chets, il est important de remettre en question son mode de consommation et de vie. Le<strong> r\u00e9emploi ou la r\u00e9utilisatio<\/strong>n des objets est la deuxi\u00e8me priorit\u00e9 d&rsquo;une recyclerie : avant de penser recyclage, il nous para\u00eet essentiel de se demander s&rsquo;il les objets peuvent avoir une seconde vie. Enfin, si aucune solution de r\u00e9emploi n&rsquo;est possible, nous renvoyons les objets vers les fili\u00e8res de <strong>recyclage<\/strong> ou d&rsquo;\u00e9limination selon le cas.<\/span><\/p>\n<h4><strong><span style=\"font-family: georgia, palatino, serif;\">Les 4 activit\u00e9s d&rsquo;une recyclerie<\/span><\/strong><\/h4>\n<p><span style=\"font-family: georgia, palatino, serif;\">Afin de mettre en pratique ce concept des 3 R, une recyclerie\/ ressourcerie d\u00e9veloppe 4 types d&rsquo;activit\u00e9s :<\/span><\/p>\n<p><span style=\"font-family: georgia, palatino, serif;\">&#8211; la collecte des encombrants<\/span><\/p>\n<p><span style=\"font-family: georgia, palatino, serif;\">&#8211; la valorisation : tri, nettoyage, lavage, d\u00e9tournement, r\u00e9paration, customisation&#8230; selon les cas<\/span><\/p>\n<p><span style=\"font-family: georgia, palatino, serif;\">&#8211; la revente<\/span><\/p>\n<p><span style=\"font-family: georgia, palatino, serif;\">&#8211; la sensibilisation \u00e0 la r\u00e9duction des d\u00e9chets<\/span><\/p>\n<p><span style=\"font-family: georgia, palatino, serif;\">Il y a autant de recycleries \/ ressourceries diff\u00e9rentes que de territoires. <\/span><\/p>\n<p><span style=\"font-family: georgia, palatino, serif;\">La particularit\u00e9 du projet de Romans est de travailler \u00e0<strong> 4 partenaires<\/strong> sur cette activit\u00e9 de r\u00e9duction des d\u00e9chets et de d\u00e9velopper ce partenariat en impliquant de nouveaux partenaires.<br \/>\n<\/span><\/p>\n<p>&nbsp;<\/p>\n<\/div>\n<\/div>\n<\/div>\n<\/div>\n<\/div>\n<\/div>\n<\/div>\n","protected":false},"excerpt":{"rendered":"<p>Qu&rsquo;est-ce qu&rsquo;une Recyclerie? Une recyclerie est un outil de gestion des d\u00e9chets qui a pour but de r\u00e9duire les d\u00e9chets enfouis ou incin\u00e9r\u00e9s. On l&rsquo;appelle \u00e9galement Ressourcerie, terme qu\u00e9b\u00e9cois. Le <a class=\"more-link\" href=\"https:\/\/recyclerie-nouvelle-r.fr\/index.php\/sensibilisation-a-la-reduction-des-dechets\/definition-recyclerie\/\">Lire la suite &rarr;<\/a><\/p>\n","protected":false},"author":1,"featured_media":0,"parent":163,"menu_order":0,"comment_status":"closed","ping_status":"closed","template":"","meta":{"footnotes":""},"class_list":["post-33","page","type-page","status-publish","hentry"],"_links":{"self":[{"href":"https:\/\/recyclerie-nouvelle-r.fr\/index.php\/wp-json\/wp\/v2\/pages\/33","targetHints":{"allow":["GET"]}}],"collection":[{"href":"https:\/\/recyclerie-nouvelle-r.fr\/index.php\/wp-json\/wp\/v2\/pages"}],"about":[{"href":"https:\/\/recyclerie-nouvelle-r.fr\/index.php\/wp-json\/wp\/v2\/types\/page"}],"author":[{"embeddable":true,"href":"https:\/\/recyclerie-nouvelle-r.fr\/index.php\/wp-json\/wp\/v2\/users\/1"}],"replies":[{"embeddable":true,"href":"https:\/\/recyclerie-nouvelle-r.fr\/index.php\/wp-json\/wp\/v2\/comments?post=33"}],"version-history":[{"count":11,"href":"https:\/\/recyclerie-nouvelle-r.fr\/index.php\/wp-json\/wp\/v2\/pages\/33\/revisions"}],"predecessor-version":[{"id":406,"href":"https:\/\/recyclerie-nouvelle-r.fr\/index.php\/wp-json\/wp\/v2\/pages\/33\/revisions\/406"}],"up":[{"embeddable":true,"href":"https:\/\/recyclerie-nouvelle-r.fr\/index.php\/wp-json\/wp\/v2\/pages\/163"}],"wp:attachment":[{"href":"https:\/\/recyclerie-nouvelle-r.fr\/index.php\/wp-json\/wp\/v2\/media?parent=33"}],"curies":[{"name":"wp","href":"https:\/\/api.w.org\/{rel}","templated":true}]}}