{"id":82,"date":"2023-06-07T17:04:38","date_gmt":"2023-06-07T15:04:38","guid":{"rendered":"https:\/\/recyclerie-nouvelle-r.fr\/?page_id=82"},"modified":"2023-12-18T11:24:38","modified_gmt":"2023-12-18T10:24:38","slug":"arche-agglo","status":"publish","type":"page","link":"https:\/\/recyclerie-nouvelle-r.fr\/index.php\/lassociation\/arche-agglo\/","title":{"rendered":"Arche Agglo"},"content":{"rendered":"<header>\n<h1 class=\"title\"><span style=\"font-family: georgia, palatino, serif;\"><img loading=\"lazy\" decoding=\"async\" class=\"size-full wp-image-148 alignleft\" src=\"https:\/\/recyclerie-nouvelle-r.fr\/wp-content\/uploads\/2023\/06\/Arche-1.png\" alt=\"\" width=\"107\" height=\"100\" \/><\/span><\/h1>\n<\/header>\n<div class=\"content clearfix\">\n<div id=\"cck101\" class=\"cck-f100 cck-pad-8\">\n<div>\n<div class=\"cck-line-body\">\n<div class=\"cck-plr cck-ptb\">\n<div id=\"cck101_mainbody\" class=\"cck-pos-mainbody seb_css3 vertical cck101-deepest\">\n<div id=\"cck101_art_fulltext\" class=\"cck_contents cck_content cck_wysiwyg_editor cck_art_fulltext\">\n<div id=\"cck101_value_art_fulltext\" class=\"cck_value cck_value_wysiwyg_editor\">\n<p><span style=\"font-family: georgia, palatino, serif;\">La Recyclerie Nouvelle&rsquo;R travaille avec le service d\u00e9chets d&rsquo;Arche Agglo dans le cadre d&rsquo;une convention d&rsquo;objectifs.<\/span><\/p>\n<p><span style=\"font-family: georgia, palatino, serif;\"><a href=\"https:\/\/www.archeagglo.fr\/vivre-ici\/dechets\">Service d\u00e9chets Arche Agglo<\/a><\/span><\/p>\n<p><span style=\"font-family: georgia, palatino, serif;\"><strong>R\u00f4le au sein de la Recyclerie Nouvelle&rsquo;R<\/strong><\/span><\/p>\n<p><span style=\"font-family: georgia, palatino, serif;\">En tant que collectivit\u00e9 en charge de la gestion des d\u00e9chets m\u00e9nagers et assimil\u00e9s Arche Agglo met en place des outils et informations \u00e0 destination des habitants du territoire pour favoriser le r\u00e9emploi. Ainsi \u00e0 ce jour, <strong>un container de r\u00e9emploi est en place sur la d\u00e9chetterie de Saint Donat.<\/strong><\/span><\/p>\n<p><span style=\"font-family: georgia, palatino, serif;\"><strong>Les agents de d\u00e9chetterie orientent le public vers les containers de r\u00e9emploi et textiles de la Recyclerie.<\/strong><\/span><\/p>\n<p><span style=\"font-family: georgia, palatino, serif;\">L&rsquo;agglom\u00e9ration, comme les autres partenaires, <strong>participe financi\u00e8rement au pilotage de la Recyclerie Nouvelle&rsquo;R.<\/strong><\/span><\/p>\n<\/div>\n<\/div>\n<\/div>\n<\/div>\n<\/div>\n<\/div>\n<\/div>\n<\/div>\n","protected":false},"excerpt":{"rendered":"<p>La Recyclerie Nouvelle&rsquo;R travaille avec le service d\u00e9chets d&rsquo;Arche Agglo dans le cadre d&rsquo;une convention d&rsquo;objectifs. Service d\u00e9chets Arche Agglo R\u00f4le au sein de la Recyclerie Nouvelle&rsquo;R En tant que <a class=\"more-link\" href=\"https:\/\/recyclerie-nouvelle-r.fr\/index.php\/lassociation\/arche-agglo\/\">Lire la suite &rarr;<\/a><\/p>\n","protected":false},"author":1,"featured_media":83,"parent":15,"menu_order":0,"comment_status":"closed","ping_status":"closed","template":"","meta":{"footnotes":""},"class_list":["post-82","page","type-page","status-publish","has-post-thumbnail","hentry"],"_links":{"self":[{"href":"https:\/\/recyclerie-nouvelle-r.fr\/index.php\/wp-json\/wp\/v2\/pages\/82","targetHints":{"allow":["GET"]}}],"collection":[{"href":"https:\/\/recyclerie-nouvelle-r.fr\/index.php\/wp-json\/wp\/v2\/pages"}],"about":[{"href":"https:\/\/recyclerie-nouvelle-r.fr\/index.php\/wp-json\/wp\/v2\/types\/page"}],"author":[{"embeddable":true,"href":"https:\/\/recyclerie-nouvelle-r.fr\/index.php\/wp-json\/wp\/v2\/users\/1"}],"replies":[{"embeddable":true,"href":"https:\/\/recyclerie-nouvelle-r.fr\/index.php\/wp-json\/wp\/v2\/comments?post=82"}],"version-history":[{"count":8,"href":"https:\/\/recyclerie-nouvelle-r.fr\/index.php\/wp-json\/wp\/v2\/pages\/82\/revisions"}],"predecessor-version":[{"id":331,"href":"https:\/\/recyclerie-nouvelle-r.fr\/index.php\/wp-json\/wp\/v2\/pages\/82\/revisions\/331"}],"up":[{"embeddable":true,"href":"https:\/\/recyclerie-nouvelle-r.fr\/index.php\/wp-json\/wp\/v2\/pages\/15"}],"wp:featuredmedia":[{"embeddable":true,"href":"https:\/\/recyclerie-nouvelle-r.fr\/index.php\/wp-json\/wp\/v2\/media\/83"}],"wp:attachment":[{"href":"https:\/\/recyclerie-nouvelle-r.fr\/index.php\/wp-json\/wp\/v2\/media?parent=82"}],"curies":[{"name":"wp","href":"https:\/\/api.w.org\/{rel}","templated":true}]}}